{"id":145,"date":"2021-06-11T17:52:06","date_gmt":"2021-06-11T17:52:06","guid":{"rendered":"https:\/\/unpirbv.ro\/wp\/?page_id=145"},"modified":"2021-06-14T09:31:14","modified_gmt":"2021-06-14T09:31:14","slug":"tablou","status":"publish","type":"page","link":"https:\/\/unpirbv.ro\/wp\/tablou\/","title":{"rendered":"TABLOU"},"content":{"rendered":"\r\n\r\n\r\n\r\n\r\n\r\n\r\n<p><br \/><b> Sec\u0163iunea I: Persoane fizice rom\u00e2ne &#8211; date de identificare<br \/><\/b><a tabindex=\"-1\" href=\"https:\/\/www.unpir.ro\/documents\/tablou\/I_A.pdf\">Subsec\u0163iunea I A \u2013 Practicieni stagiari<br \/><\/a><a tabindex=\"-1\" href=\"https:\/\/www.unpir.ro\/documents\/tablou\/I_B.pdf\">Subsec\u0163iunea I B \u2013 Practicieni definitivi organiza\u0163i in cabinete individuale<br \/><\/a><a tabindex=\"-1\" href=\"https:\/\/www.unpir.ro\/documents\/tablou\/I_C.pdf\">Subsec\u0163iunea I C \u2013 Practicieni definitivi asocia\u0163i in societ\u0103\u0163i profesionale<br \/><\/a><a tabindex=\"-1\" href=\"https:\/\/www.unpir.ro\/documents\/tablou\/I_D.pdf\">Subsec\u0163iunea I D \u2013 Practicieni definitivi angaja\u0163i sau colaboratori ai formelor de exercitare a profesiei<br \/><\/a>\u00a0<br \/><b>Sec\u0163iunea a II-a: Societa\u0163i profesionale &#8211; date de identificare<br \/><\/b><a tabindex=\"-1\" href=\"https:\/\/www.unpir.ro\/documents\/tablou\/II_A.pdf\">Subsec\u0163iunea a II-a A \u2013 Societ\u0103\u0163i profesionale cu personalitate juridic\u0103<br \/><\/a><a tabindex=\"-1\" href=\"https:\/\/www.unpir.ro\/documents\/tablou\/II_B.pdf\">Subsec\u0163iunea a II-a B \u2013 Filiale ale societ\u0103\u0163ilor profesionale cu personalitate juridic\u0103<br \/><\/a>\u00a0<br \/><b>Sec\u0163iunea a III-a &#8211; Persoane fizice str\u0103ine<br \/><\/b><a tabindex=\"-1\" href=\"https:\/\/www.unpir.ro\/documents\/tablou\/III.pdf\">Sec\u0163iunea a III-a \u2013 Persoane fizice str\u0103ine \u2013 date de identificare<br \/><\/a> \u00a0<br \/><b>Sec\u0163iunea a IV-a &#8211; Persoane juridice str\u0103ine<br \/><\/b><a tabindex=\"-1\" href=\"https:\/\/www.unpir.ro\/documents\/tablou\/IV.pdf\">Sec\u0163iunea a IV-a \u2013 Persoane juridice str\u0103ine \u2013 date de identificare<br \/><\/a>\u00a0<br \/><b>Sec\u0163iunea a V-a &#8211; Persoane incompatibile<br \/><\/b><a tabindex=\"-1\" href=\"https:\/\/www.unpir.ro\/documents\/tablou\/V.pdf\">Sec\u0163iunea a V-a \u2013 Persoane incompatibile \u2013 date de identificare<br \/><\/a> \u00a0<br \/><b>Sec\u0163iunea a VI-a &#8211; Sanc\u021biuni<br \/><\/b><a tabindex=\"-1\" href=\"https:\/\/www.unpir.ro\/documents\/tablou\/VI.pdf\">Sec\u0163iunea a VI-a \u2013 Sanc\u0163iuni<br \/><\/a> \u00a0<br \/><b>Sec\u0163iunea a VII-a &#8211; Radieri<br \/><\/b><a tabindex=\"-1\" href=\"https:\/\/www.unpir.ro\/documents\/tablou\/VII.pdf\">Sec\u0163iunea a VII-a \u2013 Radieri<\/a><\/p>\r\n\r\n\r\n\r\n\r\n\r\n<p>&nbsp;<\/p>","protected":false},"excerpt":{"rendered":"<p>&nbsp;<\/p>\n","protected":false},"author":1,"featured_media":0,"parent":0,"menu_order":0,"comment_status":"closed","ping_status":"closed","template":"","meta":[],"_links":{"self":[{"href":"https:\/\/unpirbv.ro\/wp\/wp-json\/wp\/v2\/pages\/145"}],"collection":[{"href":"https:\/\/unpirbv.ro\/wp\/wp-json\/wp\/v2\/pages"}],"about":[{"href":"https:\/\/unpirbv.ro\/wp\/wp-json\/wp\/v2\/types\/page"}],"author":[{"embeddable":true,"href":"https:\/\/unpirbv.ro\/wp\/wp-json\/wp\/v2\/users\/1"}],"replies":[{"embeddable":true,"href":"https:\/\/unpirbv.ro\/wp\/wp-json\/wp\/v2\/comments?post=145"}],"version-history":[{"count":7,"href":"https:\/\/unpirbv.ro\/wp\/wp-json\/wp\/v2\/pages\/145\/revisions"}],"predecessor-version":[{"id":241,"href":"https:\/\/unpirbv.ro\/wp\/wp-json\/wp\/v2\/pages\/145\/revisions\/241"}],"wp:attachment":[{"href":"https:\/\/unpirbv.ro\/wp\/wp-json\/wp\/v2\/media?parent=145"}],"curies":[{"name":"wp","href":"https:\/\/api.w.org\/{rel}","templated":true}]}}